{"id":274,"date":"2025-09-24T09:26:03","date_gmt":"2025-09-24T07:26:03","guid":{"rendered":"https:\/\/energetyczne-swiadectwo.com\/?page_id=274"},"modified":"2025-10-30T10:53:48","modified_gmt":"2025-10-30T09:53:48","slug":"regulamin","status":"publish","type":"page","link":"https:\/\/energetyczne-swiadectwo.com\/?page_id=274","title":{"rendered":"Regulamin"},"content":{"rendered":"\n<div style=\"height:100px\" aria-hidden=\"true\" class=\"wp-block-spacer\"><\/div>\n\n\n\n<p class=\"has-text-align-center has-large-font-size\"><strong>Regulamin \u015bwiadczenia us\u0142ug sporz\u0105dzania \u015bwiadectw charakterystyki energetycznej budynku lub cz\u0119\u015bci budynku<\/strong><\/p>\n\n\n\n<div style=\"height:84px\" aria-hidden=\"true\" class=\"wp-block-spacer\"><\/div>\n\n\n\n<p class=\"has-text-align-center\"><strong>\u00a71 Postanowienia og\u00f3lne<\/strong><\/p>\n\n\n\n<div style=\"height:16px\" aria-hidden=\"true\" class=\"wp-block-spacer\"><\/div>\n\n\n\n<ol class=\"wp-block-list\">\n<li>Regulamin okre\u015bla zasady \u015bwiadczenia us\u0142ug przez Us\u0142ugodawc\u0119, polegaj\u0105cych na sporz\u0105dzaniu \u015bwiadectw charakterystyki energetycznej budynku lub cz\u0119\u015bci budynku.<\/li>\n\n\n\n<li>Us\u0142ugi \u015bwiadczone s\u0105 za po\u015brednictwem serwisu internetowego:<a> https:\/\/energetyczne-swiadectwo.com.<\/a><\/li>\n\n\n\n<li>Regulamin obowi\u0105zuje wszystkich u\u017cytkownik\u00f3w serwisu.<\/li>\n\n\n\n<li>Korzystanie z serwisu i z\u0142o\u017cenie zam\u00f3wienia oznacza akceptacj\u0119 regulaminu.<\/li>\n<\/ol>\n\n\n\n<div style=\"height:42px\" aria-hidden=\"true\" class=\"wp-block-spacer\"><\/div>\n\n\n\n<p class=\"has-text-align-center\"><strong>\u00a72 Definicje<\/strong><\/p>\n\n\n\n<div style=\"height:16px\" aria-hidden=\"true\" class=\"wp-block-spacer\"><\/div>\n\n\n\n<p><strong>Us\u0142ugobiorca<\/strong> \u2013 osoba fizyczna, osoba prawna lub jednostka organizacyjna nieposiadaj\u0105ca osobowo\u015bci prawnej, kt\u00f3rej ustawa przyznaje zdolno\u015b\u0107 prawn\u0105, korzystaj\u0105ca z serwisu internetowego: https:\/\/energetyczne-swiadectwo.com udost\u0119pnianego przez Us\u0142ugodawc\u0119, w tym w szczeg\u00f3lno\u015bci zamawiaj\u0105ca us\u0142ug\u0119 sporz\u0105dzenia \u015bwiadectwa charakterystyki energetycznej budynku lub cz\u0119\u015bci budynku. W zale\u017cno\u015bci od kontekstu, Us\u0142ugobiorc\u0105 mo\u017ce by\u0107 Konsument w rozumieniu art. 22 Kodeksu cywilnego, Przedsi\u0119biorca lub Przedsi\u0119biorca na prawach konsumenta w rozumieniu obowi\u0105zuj\u0105cych przepis\u00f3w prawa.<\/p>\n\n\n\n<p><strong>Us\u0142ugodawca<\/strong> \u2013 Piotr Wid\u0142a prowadz\u0105cy dzia\u0142alno\u015b\u0107 nierejestrowan\u0105 w rozumieniu art. 5 ust. 1 ustawy z dnia 6 marca 2018 r. \u2013 Prawo przedsi\u0119biorc\u00f3w (Dz.U. z 2024 r. poz. 2365<br>z p\u00f3\u017an. zm.), wykonuj\u0105cy czynno\u015bci na w\u0142asny rachunek pod nazw\u0105 \u201eEnergoEkspert\u201d, zamieszka\u0142y w O\u015bwi\u0119cimiu, kontakt: e-mail: energoekspert.biuro@gmail.com<\/p>\n\n\n\n<p><strong>Strony<\/strong> \u2013 oznaczaj\u0105 \u0142\u0105cznie Us\u0142ugobiorc\u0119 i Us\u0142ugodawc\u0119, pomi\u0119dzy kt\u00f3rymi dochodzi do zawarcia Umowy.<\/p>\n\n\n\n<p><strong>Umowa<\/strong> \u2013 umowa o \u015bwiadczenie us\u0142ugi sporz\u0105dzenia \u015bwiadectwa charakterystyki energetycznej budynku lub cz\u0119\u015bci budynku, kt\u00f3ra zostaje zawarta automatycznie z chwil\u0105 uzupe\u0142nienia i przes\u0142ania formularza za po\u015brednictwem serwisu internetowego: <a>https:\/\/energetyczne-swiadectwo.com.<\/a><\/p>\n\n\n\n<p><strong>Us\u0142uga<\/strong> \u2013 us\u0142uga sporz\u0105dzenia \u015bwiadectwa charakterystyki energetycznej budynku lub cz\u0119\u015bci budynku.<\/p>\n\n\n\n<p><strong>Nieruchomo\u015b\u0107<\/strong> \u2013 budynek lub cz\u0119\u015b\u0107 budynku dla kt\u00f3rego sporz\u0105dzane jest \u015bwiadectwo charakterystyki energetycznej.<\/p>\n\n\n\n<p><strong>Formularz <\/strong>\u2013 formularz zam\u00f3wienia dost\u0119pny na stronie internetowej https:\/\/energetyczne-swiadectwo.com, kt\u00f3ry umo\u017cliwia z\u0142o\u017cenie zam\u00f3wienia i tym samym zawarcia umowy<br>o \u015bwiadczenie us\u0142ugi sporz\u0105dzenia \u015bwiadectwa charakterystyki energetycznej budynku lub cz\u0119\u015bci budynku.<\/p>\n\n\n\n<div style=\"height:42px\" aria-hidden=\"true\" class=\"wp-block-spacer\"><\/div>\n\n\n\n<p class=\"has-text-align-center\"><strong>\u00a73 Zasady sk\u0142adania zam\u00f3wie\u0144<\/strong><\/p>\n\n\n\n<div style=\"height:16px\" aria-hidden=\"true\" class=\"wp-block-spacer\"><\/div>\n\n\n\n<ol class=\"wp-block-list\">\n<li>Zam\u00f3wienia nale\u017cy sk\u0142ada\u0107 poprzez przes\u0142anie formularza na stronie internetowej: https:\/\/energetyczne-swiadectwo.com.<\/li>\n\n\n\n<li>Z\u0142o\u017cenie zam\u00f3wienia jest r\u00f3wnowa\u017cne z zawarciem umowy.<\/li>\n\n\n\n<li>Us\u0142ugobiorca zobowi\u0105zany jest do podania prawdziwych i kompletnych danych<br>o \u00a0nieruchomo\u015bci.<\/li>\n\n\n\n<li>Aby zam\u00f3wienie by\u0142o uznane za z\u0142o\u017cone powinno ono zawiera\u0107 wszystkie niezb\u0119dne informacje uj\u0119te w formularzu.<\/li>\n\n\n\n<li>Aby zam\u00f3wienie by\u0142o uznane za z\u0142o\u017cone powinno ono zawiera\u0107 wszystkie niezb\u0119dne informacje uj\u0119te w formularzu.<\/li>\n<\/ol>\n\n\n\n<div style=\"height:42px\" aria-hidden=\"true\" class=\"wp-block-spacer\"><\/div>\n\n\n\n<p class=\"has-text-align-center\"><strong>\u00a74 P\u0142atno\u015b\u0107<\/strong><\/p>\n\n\n\n<div style=\"height:16px\" aria-hidden=\"true\" class=\"wp-block-spacer\"><\/div>\n\n\n\n<ol class=\"wp-block-list\">\n<li>P\u0142atno\u015b\u0107 nast\u0119puje po wykonaniu us\u0142ugi tj. po przes\u0142aniu wersji roboczej \u015bwiadectwa<br>i jej akceptacji przez Us\u0142ugobiorc\u0119.<\/li>\n\n\n\n<li>Dost\u0119pne formy p\u0142atno\u015bci to przelew na wskazany rachunek bankowy lub numer telefonu (BLIK) Us\u0142ugodawcy.<\/li>\n\n\n\n<li>Brak p\u0142atno\u015bci w ustalonym terminie skutkowa\u0107 b\u0119dzie niewykonaniem us\u0142ugi<br>i \u00a0anulowaniem zam\u00f3wienia.<\/li>\n\n\n\n<li>Zmiany cen nie dotycz\u0105 zam\u00f3wie\u0144 ju\u017c przyj\u0119tych do realizacji.<\/li>\n<\/ol>\n\n\n\n<div style=\"height:42px\" aria-hidden=\"true\" class=\"wp-block-spacer\"><\/div>\n\n\n\n<p class=\"has-text-align-center\"><strong>\u00a75 Realizacja i dostawa us\u0142ugi<\/strong><\/p>\n\n\n\n<div style=\"height:16px\" aria-hidden=\"true\" class=\"wp-block-spacer\"><\/div>\n\n\n\n<ol class=\"wp-block-list\">\n<li>Sporz\u0105dzanie \u015bwiadectwa rozpoczyna si\u0119 po przes\u0142aniu przez Us\u0142ugobiorc\u0119 kompletnego formularza, kt\u00f3ry zawiera zestaw danych niezb\u0119dnych do jego przygotowania.<\/li>\n\n\n\n<li>Termin realizacji us\u0142ugi wynosi do 48 godzin od otrzymania formularza (dotyczy dni roboczych).<\/li>\n\n\n\n<li>Gotowe \u015bwiadectwo dostarczane jest drog\u0105 elektroniczn\u0105 na adres e-mail wskazany przez Us\u0142ugobiorc\u0119.<\/li>\n<\/ol>\n\n\n\n<div style=\"height:42px\" aria-hidden=\"true\" class=\"wp-block-spacer\"><\/div>\n\n\n\n<p class=\"has-text-align-center\"><strong>\u00a76 Reklamacje<\/strong><\/p>\n\n\n\n<div style=\"height:16px\" aria-hidden=\"true\" class=\"wp-block-spacer\"><\/div>\n\n\n\n<ol class=\"wp-block-list\">\n<li>Reklamacje mo\u017cna sk\u0142ada\u0107 w ci\u0105gu 14 dni od otrzymania dokumentu.<\/li>\n\n\n\n<li>Reklamacje nale\u017cy zg\u0142asza\u0107 drog\u0105 elektroniczn\u0105, podaj\u0105c: dane kontaktowe, dane adresowe nieruchomo\u015bci, opis nieprawid\u0142owo\u015bci oraz preferowany spos\u00f3b jej rozpatrzenia.<\/li>\n\n\n\n<li>Us\u0142ugodawca rozpatruje reklamacj\u0119 w terminie do 14 dni.<\/li>\n<\/ol>\n\n\n\n<div style=\"height:42px\" aria-hidden=\"true\" class=\"wp-block-spacer\"><\/div>\n\n\n\n<p class=\"has-text-align-center\"><strong>\u00a77 Odst\u0105pienie od umowy<\/strong><\/p>\n\n\n\n<div style=\"height:16px\" aria-hidden=\"true\" class=\"wp-block-spacer\"><\/div>\n\n\n\n<ol class=\"wp-block-list\">\n<li>Us\u0142ugobiorca ma prawo odst\u0105pi\u0107 od umowy przed przes\u0142aniem do niego wersji roboczej \u015bwiadectwa charakterystyki energetycznej budynku lub cz\u0119\u015bci budynku.<\/li>\n\n\n\n<li>Po wykonaniu us\u0142ugi prawo odst\u0105pienia od umowy wygasa.<\/li>\n\n\n\n<li>W przypadku odst\u0105pienia od umowy po wykonaniu us\u0142ugi, Us\u0142ugobiorca zobowi\u0105zany jest do z\u0142o\u017cenia stosownego o\u015bwiadczenia o niewykorzystaniu \u015bwiadectwa charakterystyki energetycznej budynku lub cz\u0119\u015bci budynku.<\/li>\n\n\n\n<li>Us\u0142ugodawca zastrzega sobie prawo do rozwi\u0105zania umowy w przypadku zbyt skomplikowanej nieruchomo\u015bci.<\/li>\n<\/ol>\n\n\n\n<div style=\"height:42px\" aria-hidden=\"true\" class=\"wp-block-spacer\"><\/div>\n\n\n\n<p class=\"has-text-align-center\"><strong>\u00a78 Odpowiedzialno\u015b\u0107<\/strong><\/p>\n\n\n\n<div style=\"height:16px\" aria-hidden=\"true\" class=\"wp-block-spacer\"><\/div>\n\n\n\n<ol class=\"wp-block-list\">\n<li>Us\u0142ugobiorca odpowiada za poprawno\u015b\u0107 przekazanych danych potrzebnych do wykonania us\u0142ugi.<\/li>\n\n\n\n<li>Us\u0142ugodawca nie ponosi odpowiedzialno\u015bci za op\u00f3\u017anienia wynikaj\u0105ce z si\u0142y wy\u017cszej lub niedost\u0119pno\u015bci system\u00f3w rejestracyjnych.<\/li>\n<\/ol>\n\n\n\n<div style=\"height:42px\" aria-hidden=\"true\" class=\"wp-block-spacer\"><\/div>\n\n\n\n<p class=\"has-text-align-center\"><strong>\u00a79 Rozwi\u0105zywanie spor\u00f3w<\/strong><\/p>\n\n\n\n<div style=\"height:16px\" aria-hidden=\"true\" class=\"wp-block-spacer\"><\/div>\n\n\n\n<ol class=\"wp-block-list\">\n<li>Strony s\u0105 zobowi\u0105zane do rozstrzygania wszelkich spor\u00f3w w pierwszej kolejno\u015bci<br>w drodze negocjacji i porozumienia stron.<\/li>\n\n\n\n<li>W przypadku braku mo\u017cliwo\u015bci osi\u0105gni\u0119cia porozumienia w rozs\u0105dnym terminie, Strony mog\u0105 skierowa\u0107 sp\u00f3r do w\u0142a\u015bciwego rzeczowo s\u0105du powszechnego w\u0142a\u015bciwego dla siedziby Us\u0142ugodawcy.<\/li>\n<\/ol>\n\n\n\n<div style=\"height:42px\" aria-hidden=\"true\" class=\"wp-block-spacer\"><\/div>\n\n\n\n<p class=\"has-text-align-center\"><strong>\u00a710 Postanowienia ko\u0144cowe<\/strong><\/p>\n\n\n\n<div style=\"height:16px\" aria-hidden=\"true\" class=\"wp-block-spacer\"><\/div>\n\n\n\n<ol class=\"wp-block-list\">\n<li>Regulamin dost\u0119pny jest na stronie internetowej https:\/\/energetyczne-swiadectwo.com.<\/li>\n\n\n\n<li>Us\u0142ugodawca zastrzega sobie prawo do zmiany regulaminu z wa\u017cnych przyczyn.<\/li>\n\n\n\n<li>W sprawach nieuregulowanych niniejszym regulaminem stosuje si\u0119 przepisy prawa polskiego.<\/li>\n\n\n\n<li>Niewa\u017cno\u015b\u0107 kt\u00f3regokolwiek z zapis\u00f3w nie wp\u0142ywa na wa\u017cno\u015b\u0107 pozosta\u0142ych.<\/li>\n<\/ol>\n\n\n\n<div style=\"height:42px\" aria-hidden=\"true\" class=\"wp-block-spacer\"><\/div>\n\n\n\n<p><\/p>\n","protected":false},"excerpt":{"rendered":"<p>Regulamin \u015bwiadczenia us\u0142ug sporz\u0105dzania \u015bwiadectw charakterystyki energetycznej budynku lub cz\u0119\u015bci budynku \u00a71 Postanowienia og\u00f3lne \u00a72 Definicje Us\u0142ugobiorca \u2013 osoba fizyczna, osoba prawna lub jednostka organizacyjna nieposiadaj\u0105ca osobowo\u015bci prawnej, kt\u00f3rej ustawa przyznaje zdolno\u015b\u0107 prawn\u0105, korzystaj\u0105ca z serwisu internetowego: https:\/\/energetyczne-swiadectwo.com udost\u0119pnianego przez Us\u0142ugodawc\u0119, w tym w szczeg\u00f3lno\u015bci zamawiaj\u0105ca us\u0142ug\u0119 sporz\u0105dzenia \u015bwiadectwa charakterystyki energetycznej budynku lub cz\u0119\u015bci budynku. [&hellip;]<\/p>\n","protected":false},"author":1,"featured_media":0,"parent":0,"menu_order":0,"comment_status":"closed","ping_status":"closed","template":"common.php","meta":{"_acf_changed":false,"footnotes":""},"class_list":["post-274","page","type-page","status-publish","hentry"],"acf":[],"yoast_head":"<!-- This site is optimized with the Yoast SEO plugin v26.2 - https:\/\/yoast.com\/wordpress\/plugins\/seo\/ -->\n<title>Regulamin - EnergoEkspert<\/title>\n<meta name=\"robots\" content=\"index, follow, max-snippet:-1, max-image-preview:large, max-video-preview:-1\" \/>\n<link rel=\"canonical\" href=\"https:\/\/energetyczne-swiadectwo.com\/?page_id=274\" \/>\n<meta property=\"og:locale\" content=\"pl_PL\" \/>\n<meta property=\"og:type\" content=\"article\" \/>\n<meta property=\"og:title\" content=\"Regulamin - EnergoEkspert\" \/>\n<meta property=\"og:description\" content=\"Regulamin \u015bwiadczenia us\u0142ug sporz\u0105dzania \u015bwiadectw charakterystyki energetycznej budynku lub cz\u0119\u015bci budynku \u00a71 Postanowienia og\u00f3lne \u00a72 Definicje Us\u0142ugobiorca \u2013 osoba fizyczna, osoba prawna lub jednostka organizacyjna nieposiadaj\u0105ca osobowo\u015bci prawnej, kt\u00f3rej ustawa przyznaje zdolno\u015b\u0107 prawn\u0105, korzystaj\u0105ca z serwisu internetowego: https:\/\/energetyczne-swiadectwo.com udost\u0119pnianego przez Us\u0142ugodawc\u0119, w tym w szczeg\u00f3lno\u015bci zamawiaj\u0105ca us\u0142ug\u0119 sporz\u0105dzenia \u015bwiadectwa charakterystyki energetycznej budynku lub cz\u0119\u015bci budynku. [&hellip;]\" \/>\n<meta property=\"og:url\" content=\"https:\/\/energetyczne-swiadectwo.com\/?page_id=274\" \/>\n<meta property=\"og:site_name\" content=\"EnergoEkspert\" \/>\n<meta property=\"article:publisher\" content=\"https:\/\/www.facebook.com\/profile.php?id=61578783905385\" \/>\n<meta property=\"article:modified_time\" content=\"2025-10-30T09:53:48+00:00\" \/>\n<meta name=\"twitter:card\" content=\"summary_large_image\" \/>\n<meta name=\"twitter:label1\" content=\"Szacowany czas czytania\" \/>\n\t<meta name=\"twitter:data1\" content=\"4 minuty\" \/>\n<script type=\"application\/ld+json\" class=\"yoast-schema-graph\">{\"@context\":\"https:\/\/schema.org\",\"@graph\":[{\"@type\":\"WebPage\",\"@id\":\"https:\/\/energetyczne-swiadectwo.com\/?page_id=274\",\"url\":\"https:\/\/energetyczne-swiadectwo.com\/?page_id=274\",\"name\":\"Regulamin - EnergoEkspert\",\"isPartOf\":{\"@id\":\"https:\/\/energetyczne-swiadectwo.com\/#website\"},\"datePublished\":\"2025-09-24T07:26:03+00:00\",\"dateModified\":\"2025-10-30T09:53:48+00:00\",\"breadcrumb\":{\"@id\":\"https:\/\/energetyczne-swiadectwo.com\/?page_id=274#breadcrumb\"},\"inLanguage\":\"pl-PL\",\"potentialAction\":[{\"@type\":\"ReadAction\",\"target\":[\"https:\/\/energetyczne-swiadectwo.com\/?page_id=274\"]}]},{\"@type\":\"BreadcrumbList\",\"@id\":\"https:\/\/energetyczne-swiadectwo.com\/?page_id=274#breadcrumb\",\"itemListElement\":[{\"@type\":\"ListItem\",\"position\":1,\"name\":\"Strona g\u0142\u00f3wna\",\"item\":\"https:\/\/energetyczne-swiadectwo.com\/\"},{\"@type\":\"ListItem\",\"position\":2,\"name\":\"Regulamin\"}]},{\"@type\":\"WebSite\",\"@id\":\"https:\/\/energetyczne-swiadectwo.com\/#website\",\"url\":\"https:\/\/energetyczne-swiadectwo.com\/\",\"name\":\"EnergoEkspert\",\"description\":\"\",\"publisher\":{\"@id\":\"https:\/\/energetyczne-swiadectwo.com\/#organization\"},\"potentialAction\":[{\"@type\":\"SearchAction\",\"target\":{\"@type\":\"EntryPoint\",\"urlTemplate\":\"https:\/\/energetyczne-swiadectwo.com\/?s={search_term_string}\"},\"query-input\":{\"@type\":\"PropertyValueSpecification\",\"valueRequired\":true,\"valueName\":\"search_term_string\"}}],\"inLanguage\":\"pl-PL\"},{\"@type\":\"Organization\",\"@id\":\"https:\/\/energetyczne-swiadectwo.com\/#organization\",\"name\":\"Energetycznie\",\"url\":\"https:\/\/energetyczne-swiadectwo.com\/\",\"logo\":{\"@type\":\"ImageObject\",\"inLanguage\":\"pl-PL\",\"@id\":\"https:\/\/energetyczne-swiadectwo.com\/#\/schema\/logo\/image\/\",\"url\":\"https:\/\/energetyczne-swiadectwo.com\/wp-content\/uploads\/2025\/10\/cropped-Logo-EnergoEkspert.png\",\"contentUrl\":\"https:\/\/energetyczne-swiadectwo.com\/wp-content\/uploads\/2025\/10\/cropped-Logo-EnergoEkspert.png\",\"width\":832,\"height\":832,\"caption\":\"Energetycznie\"},\"image\":{\"@id\":\"https:\/\/energetyczne-swiadectwo.com\/#\/schema\/logo\/image\/\"},\"sameAs\":[\"https:\/\/www.facebook.com\/profile.php?id=61578783905385\"]}]}<\/script>\n<!-- \/ Yoast SEO plugin. -->","yoast_head_json":{"title":"Regulamin - EnergoEkspert","robots":{"index":"index","follow":"follow","max-snippet":"max-snippet:-1","max-image-preview":"max-image-preview:large","max-video-preview":"max-video-preview:-1"},"canonical":"https:\/\/energetyczne-swiadectwo.com\/?page_id=274","og_locale":"pl_PL","og_type":"article","og_title":"Regulamin - EnergoEkspert","og_description":"Regulamin \u015bwiadczenia us\u0142ug sporz\u0105dzania \u015bwiadectw charakterystyki energetycznej budynku lub cz\u0119\u015bci budynku \u00a71 Postanowienia og\u00f3lne \u00a72 Definicje Us\u0142ugobiorca \u2013 osoba fizyczna, osoba prawna lub jednostka organizacyjna nieposiadaj\u0105ca osobowo\u015bci prawnej, kt\u00f3rej ustawa przyznaje zdolno\u015b\u0107 prawn\u0105, korzystaj\u0105ca z serwisu internetowego: https:\/\/energetyczne-swiadectwo.com udost\u0119pnianego przez Us\u0142ugodawc\u0119, w tym w szczeg\u00f3lno\u015bci zamawiaj\u0105ca us\u0142ug\u0119 sporz\u0105dzenia \u015bwiadectwa charakterystyki energetycznej budynku lub cz\u0119\u015bci budynku. [&hellip;]","og_url":"https:\/\/energetyczne-swiadectwo.com\/?page_id=274","og_site_name":"EnergoEkspert","article_publisher":"https:\/\/www.facebook.com\/profile.php?id=61578783905385","article_modified_time":"2025-10-30T09:53:48+00:00","twitter_card":"summary_large_image","twitter_misc":{"Szacowany czas czytania":"4 minuty"},"schema":{"@context":"https:\/\/schema.org","@graph":[{"@type":"WebPage","@id":"https:\/\/energetyczne-swiadectwo.com\/?page_id=274","url":"https:\/\/energetyczne-swiadectwo.com\/?page_id=274","name":"Regulamin - EnergoEkspert","isPartOf":{"@id":"https:\/\/energetyczne-swiadectwo.com\/#website"},"datePublished":"2025-09-24T07:26:03+00:00","dateModified":"2025-10-30T09:53:48+00:00","breadcrumb":{"@id":"https:\/\/energetyczne-swiadectwo.com\/?page_id=274#breadcrumb"},"inLanguage":"pl-PL","potentialAction":[{"@type":"ReadAction","target":["https:\/\/energetyczne-swiadectwo.com\/?page_id=274"]}]},{"@type":"BreadcrumbList","@id":"https:\/\/energetyczne-swiadectwo.com\/?page_id=274#breadcrumb","itemListElement":[{"@type":"ListItem","position":1,"name":"Strona g\u0142\u00f3wna","item":"https:\/\/energetyczne-swiadectwo.com\/"},{"@type":"ListItem","position":2,"name":"Regulamin"}]},{"@type":"WebSite","@id":"https:\/\/energetyczne-swiadectwo.com\/#website","url":"https:\/\/energetyczne-swiadectwo.com\/","name":"EnergoEkspert","description":"","publisher":{"@id":"https:\/\/energetyczne-swiadectwo.com\/#organization"},"potentialAction":[{"@type":"SearchAction","target":{"@type":"EntryPoint","urlTemplate":"https:\/\/energetyczne-swiadectwo.com\/?s={search_term_string}"},"query-input":{"@type":"PropertyValueSpecification","valueRequired":true,"valueName":"search_term_string"}}],"inLanguage":"pl-PL"},{"@type":"Organization","@id":"https:\/\/energetyczne-swiadectwo.com\/#organization","name":"Energetycznie","url":"https:\/\/energetyczne-swiadectwo.com\/","logo":{"@type":"ImageObject","inLanguage":"pl-PL","@id":"https:\/\/energetyczne-swiadectwo.com\/#\/schema\/logo\/image\/","url":"https:\/\/energetyczne-swiadectwo.com\/wp-content\/uploads\/2025\/10\/cropped-Logo-EnergoEkspert.png","contentUrl":"https:\/\/energetyczne-swiadectwo.com\/wp-content\/uploads\/2025\/10\/cropped-Logo-EnergoEkspert.png","width":832,"height":832,"caption":"Energetycznie"},"image":{"@id":"https:\/\/energetyczne-swiadectwo.com\/#\/schema\/logo\/image\/"},"sameAs":["https:\/\/www.facebook.com\/profile.php?id=61578783905385"]}]}},"_links":{"self":[{"href":"https:\/\/energetyczne-swiadectwo.com\/index.php?rest_route=\/wp\/v2\/pages\/274","targetHints":{"allow":["GET"]}}],"collection":[{"href":"https:\/\/energetyczne-swiadectwo.com\/index.php?rest_route=\/wp\/v2\/pages"}],"about":[{"href":"https:\/\/energetyczne-swiadectwo.com\/index.php?rest_route=\/wp\/v2\/types\/page"}],"author":[{"embeddable":true,"href":"https:\/\/energetyczne-swiadectwo.com\/index.php?rest_route=\/wp\/v2\/users\/1"}],"replies":[{"embeddable":true,"href":"https:\/\/energetyczne-swiadectwo.com\/index.php?rest_route=%2Fwp%2Fv2%2Fcomments&post=274"}],"version-history":[{"count":6,"href":"https:\/\/energetyczne-swiadectwo.com\/index.php?rest_route=\/wp\/v2\/pages\/274\/revisions"}],"predecessor-version":[{"id":317,"href":"https:\/\/energetyczne-swiadectwo.com\/index.php?rest_route=\/wp\/v2\/pages\/274\/revisions\/317"}],"wp:attachment":[{"href":"https:\/\/energetyczne-swiadectwo.com\/index.php?rest_route=%2Fwp%2Fv2%2Fmedia&parent=274"}],"curies":[{"name":"wp","href":"https:\/\/api.w.org\/{rel}","templated":true}]}}