{"id":5,"date":"2025-07-13T20:34:10","date_gmt":"2025-07-13T18:34:10","guid":{"rendered":"https:\/\/energetyczne-swiadectwo.com\/?page_id=5"},"modified":"2026-02-09T21:23:57","modified_gmt":"2026-02-09T20:23:57","slug":"swiadectwa-charakterystyki-energetycznej-oswiecim-i-cala-polska-online","status":"publish","type":"page","link":"https:\/\/energetyczne-swiadectwo.com\/","title":{"rendered":"\u015awiadectwa charakterystyki energetycznej mieszka\u0144 i dom\u00f3w &#8211; O\u015bwi\u0119cim i ca\u0142a Polska online"},"content":{"rendered":"","protected":false},"excerpt":{"rendered":"","protected":false},"author":1,"featured_media":0,"parent":0,"menu_order":0,"comment_status":"closed","ping_status":"closed","template":"home.php","meta":{"_acf_changed":false,"footnotes":""},"class_list":["post-5","page","type-page","status-publish","hentry"],"acf":[],"yoast_head":"<!-- This site is optimized with the Yoast SEO plugin v26.2 - https:\/\/yoast.com\/wordpress\/plugins\/seo\/ -->\n<title>\u015awiadectwa charakterystyki energetycznej mieszka\u0144 i dom\u00f3w - O\u015bwi\u0119cim i ca\u0142a Polska online -<\/title>\n<meta name=\"description\" content=\"\u015awiadectwa charakterystyki energetycznej dom\u00f3w, mieszka\u0144 i budynk\u00f3w firmowych \u2013 szybko, profesjonalnie i w atrakcyjnej cenie.\" \/>\n<meta name=\"robots\" content=\"index, follow, max-snippet:-1, max-image-preview:large, max-video-preview:-1\" \/>\n<link rel=\"canonical\" href=\"https:\/\/energetyczne-swiadectwo.com\/\" \/>\n<meta property=\"og:locale\" content=\"pl_PL\" \/>\n<meta property=\"og:type\" content=\"article\" \/>\n<meta property=\"og:title\" content=\"\u015awiadectwa charakterystyki energetycznej mieszka\u0144 i dom\u00f3w - O\u015bwi\u0119cim i ca\u0142a Polska online -\" \/>\n<meta property=\"og:description\" content=\"\u015awiadectwa charakterystyki energetycznej dom\u00f3w, mieszka\u0144 i budynk\u00f3w firmowych \u2013 szybko, profesjonalnie i w atrakcyjnej cenie.\" \/>\n<meta property=\"og:url\" content=\"https:\/\/energetyczne-swiadectwo.com\/\" \/>\n<meta property=\"og:site_name\" content=\"EnergoEkspert\" \/>\n<meta property=\"article:publisher\" content=\"https:\/\/www.facebook.com\/profile.php?id=61578783905385\" \/>\n<meta property=\"article:modified_time\" content=\"2026-02-09T20:23:57+00:00\" \/>\n<meta name=\"twitter:card\" content=\"summary_large_image\" \/>\n<script type=\"application\/ld+json\" class=\"yoast-schema-graph\">{\"@context\":\"https:\/\/schema.org\",\"@graph\":[{\"@type\":\"WebPage\",\"@id\":\"https:\/\/energetyczne-swiadectwo.com\/\",\"url\":\"https:\/\/energetyczne-swiadectwo.com\/\",\"name\":\"\u015awiadectwa charakterystyki energetycznej mieszka\u0144 i dom\u00f3w - O\u015bwi\u0119cim i ca\u0142a Polska online -\",\"isPartOf\":{\"@id\":\"https:\/\/energetyczne-swiadectwo.com\/#website\"},\"datePublished\":\"2025-07-13T18:34:10+00:00\",\"dateModified\":\"2026-02-09T20:23:57+00:00\",\"description\":\"\u015awiadectwa charakterystyki energetycznej dom\u00f3w, mieszka\u0144 i budynk\u00f3w firmowych \u2013 szybko, profesjonalnie i w atrakcyjnej cenie.\",\"breadcrumb\":{\"@id\":\"https:\/\/energetyczne-swiadectwo.com\/#breadcrumb\"},\"inLanguage\":\"pl-PL\",\"potentialAction\":[{\"@type\":\"ReadAction\",\"target\":[\"https:\/\/energetyczne-swiadectwo.com\/\"]}]},{\"@type\":\"BreadcrumbList\",\"@id\":\"https:\/\/energetyczne-swiadectwo.com\/#breadcrumb\",\"itemListElement\":[{\"@type\":\"ListItem\",\"position\":1,\"name\":\"Strona g\u0142\u00f3wna\",\"item\":\"https:\/\/energetyczne-swiadectwo.com\/\"},{\"@type\":\"ListItem\",\"position\":2,\"name\":\"\u015awiadectwa charakterystyki energetycznej mieszka\u0144 i dom\u00f3w &#8211; O\u015bwi\u0119cim i ca\u0142a Polska online\"}]},{\"@type\":\"WebSite\",\"@id\":\"https:\/\/energetyczne-swiadectwo.com\/#website\",\"url\":\"https:\/\/energetyczne-swiadectwo.com\/\",\"name\":\"EnergoEkspert\",\"description\":\"\",\"publisher\":{\"@id\":\"https:\/\/energetyczne-swiadectwo.com\/#organization\"},\"potentialAction\":[{\"@type\":\"SearchAction\",\"target\":{\"@type\":\"EntryPoint\",\"urlTemplate\":\"https:\/\/energetyczne-swiadectwo.com\/?s={search_term_string}\"},\"query-input\":{\"@type\":\"PropertyValueSpecification\",\"valueRequired\":true,\"valueName\":\"search_term_string\"}}],\"inLanguage\":\"pl-PL\"},{\"@type\":\"Organization\",\"@id\":\"https:\/\/energetyczne-swiadectwo.com\/#organization\",\"name\":\"Energetycznie\",\"url\":\"https:\/\/energetyczne-swiadectwo.com\/\",\"logo\":{\"@type\":\"ImageObject\",\"inLanguage\":\"pl-PL\",\"@id\":\"https:\/\/energetyczne-swiadectwo.com\/#\/schema\/logo\/image\/\",\"url\":\"https:\/\/energetyczne-swiadectwo.com\/wp-content\/uploads\/2025\/10\/cropped-Logo-EnergoEkspert.png\",\"contentUrl\":\"https:\/\/energetyczne-swiadectwo.com\/wp-content\/uploads\/2025\/10\/cropped-Logo-EnergoEkspert.png\",\"width\":832,\"height\":832,\"caption\":\"Energetycznie\"},\"image\":{\"@id\":\"https:\/\/energetyczne-swiadectwo.com\/#\/schema\/logo\/image\/\"},\"sameAs\":[\"https:\/\/www.facebook.com\/profile.php?id=61578783905385\"]}]}<\/script>\n<!-- \/ Yoast SEO plugin. -->","yoast_head_json":{"title":"\u015awiadectwa charakterystyki energetycznej mieszka\u0144 i dom\u00f3w - O\u015bwi\u0119cim i ca\u0142a Polska online -","description":"\u015awiadectwa charakterystyki energetycznej dom\u00f3w, mieszka\u0144 i budynk\u00f3w firmowych \u2013 szybko, profesjonalnie i w atrakcyjnej cenie.","robots":{"index":"index","follow":"follow","max-snippet":"max-snippet:-1","max-image-preview":"max-image-preview:large","max-video-preview":"max-video-preview:-1"},"canonical":"https:\/\/energetyczne-swiadectwo.com\/","og_locale":"pl_PL","og_type":"article","og_title":"\u015awiadectwa charakterystyki energetycznej mieszka\u0144 i dom\u00f3w - O\u015bwi\u0119cim i ca\u0142a Polska online -","og_description":"\u015awiadectwa charakterystyki energetycznej dom\u00f3w, mieszka\u0144 i budynk\u00f3w firmowych \u2013 szybko, profesjonalnie i w atrakcyjnej cenie.","og_url":"https:\/\/energetyczne-swiadectwo.com\/","og_site_name":"EnergoEkspert","article_publisher":"https:\/\/www.facebook.com\/profile.php?id=61578783905385","article_modified_time":"2026-02-09T20:23:57+00:00","twitter_card":"summary_large_image","schema":{"@context":"https:\/\/schema.org","@graph":[{"@type":"WebPage","@id":"https:\/\/energetyczne-swiadectwo.com\/","url":"https:\/\/energetyczne-swiadectwo.com\/","name":"\u015awiadectwa charakterystyki energetycznej mieszka\u0144 i dom\u00f3w - O\u015bwi\u0119cim i ca\u0142a Polska online -","isPartOf":{"@id":"https:\/\/energetyczne-swiadectwo.com\/#website"},"datePublished":"2025-07-13T18:34:10+00:00","dateModified":"2026-02-09T20:23:57+00:00","description":"\u015awiadectwa charakterystyki energetycznej dom\u00f3w, mieszka\u0144 i budynk\u00f3w firmowych \u2013 szybko, profesjonalnie i w atrakcyjnej cenie.","breadcrumb":{"@id":"https:\/\/energetyczne-swiadectwo.com\/#breadcrumb"},"inLanguage":"pl-PL","potentialAction":[{"@type":"ReadAction","target":["https:\/\/energetyczne-swiadectwo.com\/"]}]},{"@type":"BreadcrumbList","@id":"https:\/\/energetyczne-swiadectwo.com\/#breadcrumb","itemListElement":[{"@type":"ListItem","position":1,"name":"Strona g\u0142\u00f3wna","item":"https:\/\/energetyczne-swiadectwo.com\/"},{"@type":"ListItem","position":2,"name":"\u015awiadectwa charakterystyki energetycznej mieszka\u0144 i dom\u00f3w &#8211; O\u015bwi\u0119cim i ca\u0142a Polska online"}]},{"@type":"WebSite","@id":"https:\/\/energetyczne-swiadectwo.com\/#website","url":"https:\/\/energetyczne-swiadectwo.com\/","name":"EnergoEkspert","description":"","publisher":{"@id":"https:\/\/energetyczne-swiadectwo.com\/#organization"},"potentialAction":[{"@type":"SearchAction","target":{"@type":"EntryPoint","urlTemplate":"https:\/\/energetyczne-swiadectwo.com\/?s={search_term_string}"},"query-input":{"@type":"PropertyValueSpecification","valueRequired":true,"valueName":"search_term_string"}}],"inLanguage":"pl-PL"},{"@type":"Organization","@id":"https:\/\/energetyczne-swiadectwo.com\/#organization","name":"Energetycznie","url":"https:\/\/energetyczne-swiadectwo.com\/","logo":{"@type":"ImageObject","inLanguage":"pl-PL","@id":"https:\/\/energetyczne-swiadectwo.com\/#\/schema\/logo\/image\/","url":"https:\/\/energetyczne-swiadectwo.com\/wp-content\/uploads\/2025\/10\/cropped-Logo-EnergoEkspert.png","contentUrl":"https:\/\/energetyczne-swiadectwo.com\/wp-content\/uploads\/2025\/10\/cropped-Logo-EnergoEkspert.png","width":832,"height":832,"caption":"Energetycznie"},"image":{"@id":"https:\/\/energetyczne-swiadectwo.com\/#\/schema\/logo\/image\/"},"sameAs":["https:\/\/www.facebook.com\/profile.php?id=61578783905385"]}]}},"_links":{"self":[{"href":"https:\/\/energetyczne-swiadectwo.com\/index.php?rest_route=\/wp\/v2\/pages\/5","targetHints":{"allow":["GET"]}}],"collection":[{"href":"https:\/\/energetyczne-swiadectwo.com\/index.php?rest_route=\/wp\/v2\/pages"}],"about":[{"href":"https:\/\/energetyczne-swiadectwo.com\/index.php?rest_route=\/wp\/v2\/types\/page"}],"author":[{"embeddable":true,"href":"https:\/\/energetyczne-swiadectwo.com\/index.php?rest_route=\/wp\/v2\/users\/1"}],"replies":[{"embeddable":true,"href":"https:\/\/energetyczne-swiadectwo.com\/index.php?rest_route=%2Fwp%2Fv2%2Fcomments&post=5"}],"version-history":[{"count":89,"href":"https:\/\/energetyczne-swiadectwo.com\/index.php?rest_route=\/wp\/v2\/pages\/5\/revisions"}],"predecessor-version":[{"id":365,"href":"https:\/\/energetyczne-swiadectwo.com\/index.php?rest_route=\/wp\/v2\/pages\/5\/revisions\/365"}],"wp:attachment":[{"href":"https:\/\/energetyczne-swiadectwo.com\/index.php?rest_route=%2Fwp%2Fv2%2Fmedia&parent=5"}],"curies":[{"name":"wp","href":"https:\/\/api.w.org\/{rel}","templated":true}]}}